{"id":38,"date":"2017-04-22T06:20:35","date_gmt":"2017-04-22T04:20:35","guid":{"rendered":"https:\/\/musikschule-brk.de\/?page_id=38"},"modified":"2025-06-02T20:21:47","modified_gmt":"2025-06-02T18:21:47","slug":"home","status":"publish","type":"page","link":"https:\/\/musikschule-brk.de\/?page_id=38","title":{"rendered":"VEREIN"},"content":{"rendered":"<p>[et_pb_section fb_built=&#8220;1&#8243; fullwidth=&#8220;on&#8220; custom_padding_last_edited=&#8220;on|desktop&#8220; admin_label=&#8220;Sektion&#8220; _builder_version=&#8220;4.16&#8243; custom_padding_tablet=&#8220;50px|0|50px|0&#8243; custom_padding_phone=&#8220;&#8220; transparent_background=&#8220;off&#8220; padding_mobile=&#8220;off&#8220; global_colors_info=&#8220;{}&#8220;][et_pb_fullwidth_image src=&#8220;https:\/\/musikschule-brk.de\/wp-content\/uploads\/2017\/04\/slider_1900.jpg&#8220; admin_label=&#8220;Volle Breite des Bildes&#8220; _builder_version=&#8220;4.16&#8243; animation_style=&#8220;slide&#8220; animation_direction=&#8220;left&#8220; animation_duration=&#8220;500ms&#8220; animation_intensity_slide=&#8220;10%&#8220; animation=&#8220;left&#8220; use_border_color=&#8220;off&#8220; border_color=&#8220;#ffffff&#8220; border_width=&#8220;1px&#8220; border_style=&#8220;solid&#8220; global_colors_info=&#8220;{}&#8220;] [\/et_pb_fullwidth_image][\/et_pb_section][et_pb_section fb_built=&#8220;1&#8243; inner_shadow=&#8220;on&#8220; fullwidth=&#8220;on&#8220; custom_padding_last_edited=&#8220;on|desktop&#8220; admin_label=&#8220;section&#8220; _builder_version=&#8220;4.16&#8243; background_color=&#8220;#f7f7f7&#8243; custom_padding_tablet=&#8220;50px|0|50px|0&#8243; custom_padding_phone=&#8220;&#8220; transparent_background=&#8220;off&#8220; padding_mobile=&#8220;off&#8220; global_colors_info=&#8220;{}&#8220;][et_pb_fullwidth_header title=&#8220;August-K\u00f6mpel-Musikschule e.V. Bad Br\u00fcckenau&#8220; subhead=&#8220;Musik erleben&#8220; text_orientation=&#8220;center&#8220; background_overlay_color=&#8220;rgba(221,221,221,0.2)&#8220; title_font_color=&#8220;#e09900&#8243; admin_label=&#8220;Fullwidth Header&#8220; _builder_version=&#8220;4.16&#8243; title_font=&#8220;|700|||||||&#8220; title_text_color=&#8220;#e09900&#8243; subhead_font=&#8220;|700|||||||&#8220; subhead_text_color=&#8220;#8f8f8f&#8220; subhead_font_size=&#8220;25px&#8220; background_color=&#8220;rgba(255,255,255,0)&#8220; parallax=&#8220;on&#8220; custom_padding=&#8220;||0px|||&#8220; background_url=&#8220;https:\/\/musikschule-brk.de\/wp-content\/uploads\/2017\/04\/klavier-Fotolia_94184516_XXL.jpg&#8220; button_one_letter_spacing_hover=&#8220;0&#8243; button_two_letter_spacing_hover=&#8220;0&#8243; global_colors_info=&#8220;{}&#8220; button_one_text_size__hover_enabled=&#8220;off&#8220; button_two_text_size__hover_enabled=&#8220;off&#8220; button_one_text_color__hover_enabled=&#8220;off&#8220; button_two_text_color__hover_enabled=&#8220;off&#8220; button_one_border_width__hover_enabled=&#8220;off&#8220; button_two_border_width__hover_enabled=&#8220;off&#8220; button_one_border_color__hover_enabled=&#8220;off&#8220; button_two_border_color__hover_enabled=&#8220;off&#8220; button_one_border_radius__hover_enabled=&#8220;off&#8220; button_two_border_radius__hover_enabled=&#8220;off&#8220; button_one_letter_spacing__hover_enabled=&#8220;on&#8220; button_one_letter_spacing__hover=&#8220;0&#8243; button_two_letter_spacing__hover_enabled=&#8220;on&#8220; button_two_letter_spacing__hover=&#8220;0&#8243; button_one_bg_color__hover_enabled=&#8220;off&#8220; button_two_bg_color__hover_enabled=&#8220;off&#8220;][\/et_pb_fullwidth_header][\/et_pb_section][et_pb_section fb_built=&#8220;1&#8243; custom_padding_last_edited=&#8220;on|desktop&#8220; admin_label=&#8220;section&#8220; _builder_version=&#8220;4.16&#8243; custom_padding=&#8220;43px|0px|54px|0px|false|false&#8220; custom_padding_tablet=&#8220;50px|0|50px|0&#8243; custom_padding_phone=&#8220;&#8220; transparent_background=&#8220;off&#8220; global_colors_info=&#8220;{}&#8220;][et_pb_row _builder_version=&#8220;4.16&#8243; global_colors_info=&#8220;{}&#8220;][et_pb_column type=&#8220;4_4&#8243; _builder_version=&#8220;4.16&#8243; custom_padding=&#8220;|||&#8220; global_colors_info=&#8220;{}&#8220; custom_padding__hover=&#8220;|||&#8220;][et_pb_text _builder_version=&#8220;4.16&#8243; global_colors_info=&#8220;{}&#8220;]<\/p>\n<p style=\"text-align: center;\"><span style=\"font-size: xx-large;\"><strong><span style=\"color: #0c71c3;\">Der Tr\u00e4gerverein<\/span><\/strong><\/span><\/p>\n<p>[\/et_pb_text][\/et_pb_column][\/et_pb_row][et_pb_row _builder_version=&#8220;4.16&#8243; global_colors_info=&#8220;{}&#8220;][et_pb_column type=&#8220;4_4&#8243; _builder_version=&#8220;4.16&#8243; custom_padding=&#8220;|||&#8220; global_colors_info=&#8220;{}&#8220; custom_padding__hover=&#8220;|||&#8220;][et_pb_button button_url=&#8220;https:\/\/musikschule-brk.de\/wp-content\/uploads\/2021\/03\/Satzung-August-Koempel-Musikschule-vom-25.02.2014.pdf&#8220; url_new_window=&#8220;on&#8220; button_text=&#8220;Vereinssatzung &#8220; button_alignment=&#8220;center&#8220; _builder_version=&#8220;4.16&#8243; custom_button=&#8220;on&#8220; button_text_size=&#8220;20px&#8220; button_border_width=&#8220;3px&#8220; button_font=&#8220;|700|||||||&#8220; button_icon=&#8220;&#x69;||divi||400&#8243; global_colors_info=&#8220;{}&#8220;][\/et_pb_button][\/et_pb_column][\/et_pb_row][et_pb_row _builder_version=&#8220;4.16&#8243; custom_padding=&#8220;0|0px|0|0px|false|false&#8220; global_colors_info=&#8220;{}&#8220;][et_pb_column type=&#8220;4_4&#8243; _builder_version=&#8220;4.16&#8243; custom_padding=&#8220;|||&#8220; global_colors_info=&#8220;{}&#8220; custom_padding__hover=&#8220;|||&#8220;][et_pb_text _builder_version=&#8220;4.16&#8243; text_font=&#8220;||||||||&#8220; text_orientation=&#8220;center&#8220; global_colors_info=&#8220;{}&#8220;]<\/p>\n<p>&nbsp;<\/p>\n<p>Britta Heim, 1. Vorsitzende<br \/>Dr. Silvia Kleinhenz, 2. Vorsitzende<br \/>Elisabeth Gerber, Kassiererin<br \/>Julia Raab, Schriftf\u00fchrerin<\/p>\n<p>Beisitzer:<br \/>Jan Marberg, 1. B\u00fcrgermeister der Stadt Bad Br\u00fcckenau<br \/>Katja Dittmayer<\/p>\n<p>Kassenpr\u00fcfer:<br \/><span>Margarete Weiner und Brigitta Kempe-Wolf<\/span><\/p>\n<p>Als Schulleiter der August-K\u00f6mpel-Musikschule e.V. ist Jan Jan\u010d\u00e1lek vom Verein angestellt.<\/p>\n<p>Der Unterricht wird von 11 hoch qualifizierten Musikp\u00e4dagogen durchgef\u00fchrt.<\/p>\n<p>[\/et_pb_text][\/et_pb_column][\/et_pb_row][et_pb_row column_padding_mobile=&#8220;on&#8220; admin_label=&#8220;row&#8220; _builder_version=&#8220;4.16&#8243; custom_padding=&#8220;0|0px|0|1px|false|false&#8220; global_colors_info=&#8220;{}&#8220;][et_pb_column type=&#8220;4_4&#8243; _builder_version=&#8220;4.16&#8243; custom_padding=&#8220;|||&#8220; global_colors_info=&#8220;{}&#8220; custom_padding__hover=&#8220;|||&#8220;][et_pb_blurb admin_label=&#8220;Blurb&#8220; _builder_version=&#8220;4.16&#8243; background_size=&#8220;initial&#8220; background_position=&#8220;top_left&#8220; background_repeat=&#8220;repeat&#8220; text_orientation=&#8220;center&#8220; use_border_color=&#8220;off&#8220; border_color=&#8220;#ffffff&#8220; border_width=&#8220;1px&#8220; border_style=&#8220;solid&#8220; inline_fonts=&#8220;Nunito&#8220; global_colors_info=&#8220;{}&#8220;]<\/p>\n<p class=\"\"><span style=\"color: #000000;\"><\/span><\/p>\n<p>[\/et_pb_blurb][et_pb_divider color=&#8220;#8f8f8f&#8220; _builder_version=&#8220;4.16&#8243; global_colors_info=&#8220;{}&#8220;][\/et_pb_divider][\/et_pb_column][\/et_pb_row][et_pb_row _builder_version=&#8220;4.16&#8243; custom_padding=&#8220;78px|0px|0|0px|false|false&#8220; global_colors_info=&#8220;{}&#8220;][et_pb_column type=&#8220;4_4&#8243; _builder_version=&#8220;4.16&#8243; custom_padding=&#8220;|||&#8220; global_colors_info=&#8220;{}&#8220; custom_padding__hover=&#8220;|||&#8220;][et_pb_text _builder_version=&#8220;4.20.2&#8243; global_colors_info=&#8220;{}&#8220;]<\/p>\n<p style=\"text-align: center;\"><span style=\"font-size: xx-large;\"><strong><span style=\"color: #0c71c3;\">Mitglied im Verband Bayerischer Sing- und Musikschulen<\/span><\/strong><\/span><\/p>\n<p style=\"text-align: center;\"><span style=\"font-size: xx-large;\"><strong><span style=\"color: #0c71c3;\">Mitglied im Verband deutscher Musikschulen<\/span><\/strong><\/span><\/p>\n<p>[\/et_pb_text][\/et_pb_column][\/et_pb_row][et_pb_row column_structure=&#8220;1_2,1_2&#8243; _builder_version=&#8220;4.20.2&#8243; _module_preset=&#8220;default&#8220; custom_margin=&#8220;-24px|auto||auto||&#8220; global_colors_info=&#8220;{}&#8220;][et_pb_column type=&#8220;1_2&#8243; _builder_version=&#8220;4.20.2&#8243; _module_preset=&#8220;default&#8220; global_colors_info=&#8220;{}&#8220;][et_pb_text _builder_version=&#8220;4.20.2&#8243; _module_preset=&#8220;default&#8220; custom_margin=&#8220;35px|||188px||&#8220; global_colors_info=&#8220;{}&#8220;]<\/p>\n<p><a href=\"https:\/\/www.musikschulen-bayern.de\/\" target=\"_blank\" rel=\"noopener\"><img loading=\"lazy\" decoding=\"async\" src=\"https:\/\/musikschule-brk.de\/wp-content\/uploads\/2023\/03\/vbsm-logo-300x90.png\" width=\"300\" height=\"90\" alt=\"\" class=\"wp-image-1112 alignnone size-medium\" style=\"display: block; margin-left: auto; margin-right: auto;\" \/><\/a><\/p>\n<p>[\/et_pb_text][\/et_pb_column][et_pb_column type=&#8220;1_2&#8243; _builder_version=&#8220;4.20.2&#8243; _module_preset=&#8220;default&#8220; global_colors_info=&#8220;{}&#8220;][et_pb_text _builder_version=&#8220;4.20.2&#8243; _module_preset=&#8220;default&#8220; custom_margin=&#8220;|195px||||&#8220; custom_padding=&#8220;35px|||||&#8220; global_colors_info=&#8220;{}&#8220;]<\/p>\n<p><a href=\"https:\/\/www.musikschulen.de\/\" target=\"_blank\" rel=\"noopener\"><img loading=\"lazy\" decoding=\"async\" src=\"https:\/\/musikschule-brk.de\/wp-content\/uploads\/2023\/03\/vdm-logo.png\" width=\"227\" height=\"96\" alt=\"\" class=\"wp-image-1114 alignnone size-full\" style=\"display: block; margin-left: auto; margin-right: auto;\" \/><\/a><\/p>\n<p>[\/et_pb_text][\/et_pb_column][\/et_pb_row][et_pb_row padding_mobile=&#8220;off&#8220; column_padding_mobile=&#8220;on&#8220; admin_label=&#8220;row&#8220; _builder_version=&#8220;4.16&#8243; min_height=&#8220;306px&#8220; custom_margin=&#8220;-21px|auto||auto||&#8220; custom_padding=&#8220;50px|||||&#8220; global_colors_info=&#8220;{}&#8220;][et_pb_column type=&#8220;4_4&#8243; _builder_version=&#8220;4.16&#8243; custom_padding=&#8220;|||&#8220; global_colors_info=&#8220;{}&#8220; custom_padding__hover=&#8220;|||&#8220;][et_pb_blurb admin_label=&#8220;Blurb&#8220; _builder_version=&#8220;4.16&#8243; background_size=&#8220;initial&#8220; background_position=&#8220;top_left&#8220; background_repeat=&#8220;repeat&#8220; text_orientation=&#8220;center&#8220; custom_padding=&#8220;6px|||||&#8220; use_border_color=&#8220;off&#8220; border_color=&#8220;#ffffff&#8220; border_width=&#8220;1px&#8220; border_style=&#8220;solid&#8220; inline_fonts=&#8220;Nunito&#8220; global_colors_info=&#8220;{}&#8220;]<\/p>\n<p><span style=\"color: #000000;\">Das gemeinsame Musizieren von Anfang an zu lehren und zu erm\u00f6glichen sowie alle Sch\u00fcler*innen individuell bestm\u00f6glich zu f\u00f6rdern, ist Anspruch und Aufgabe \u00f6ffentlicher Musikschulen.<\/span><\/p>\n<p><span style=\"color: #000000;\">Die Gemeinwohlorientierung der Musikschulen, die musikalische Qualit\u00e4t der Arbeitsergebnisse, die Bereicherung des kulturellen Lebens und die pers\u00f6nlichkeitsbildende und gemeinschaftsstiftende Wirkung ihrer Arbeit begr\u00fcnden und rechtfertigen die \u00f6ffentliche F\u00f6rderung \u00f6ffentlicher Musikschulen. Musikschulen leben (die) gemeinsame(n) Werte einer demokratischen Gesellschaft und tragen in \u00f6ffentlichem Auftrag zur Zukunftsf\u00e4higkeit unseres Landes bei; Sie sind dem Menschen und der Musik verpflichtet.<\/span><\/p>\n<p>[\/et_pb_blurb][\/et_pb_column][\/et_pb_row][\/et_pb_section]<\/p>\n","protected":false},"excerpt":{"rendered":"<p>Der Tr\u00e4gerverein&nbsp; Britta Heim, 1. VorsitzendeDr. Silvia Kleinhenz, 2. VorsitzendeElisabeth Gerber, KassiererinJulia Raab, Schriftf\u00fchrerin Beisitzer:Jan Marberg, 1. B\u00fcrgermeister der Stadt Bad Br\u00fcckenauKatja Dittmayer Kassenpr\u00fcfer:Margarete Weiner und Brigitta Kempe-Wolf Als Schulleiter der August-K\u00f6mpel-Musikschule e.V. ist Jan Jan\u010d\u00e1lek vom Verein angestellt. Der Unterricht wird von 11 hoch qualifizierten Musikp\u00e4dagogen durchgef\u00fchrt.Mitglied im Verband Bayerischer Sing- und Musikschulen Mitglied [&hellip;]<\/p>\n","protected":false},"author":1,"featured_media":0,"parent":0,"menu_order":0,"comment_status":"closed","ping_status":"closed","template":"","meta":{"_et_pb_use_builder":"on","_et_pb_old_content":"","_et_gb_content_width":"","footnotes":""},"class_list":["post-38","page","type-page","status-publish","hentry"],"_links":{"self":[{"href":"https:\/\/musikschule-brk.de\/index.php?rest_route=\/wp\/v2\/pages\/38","targetHints":{"allow":["GET"]}}],"collection":[{"href":"https:\/\/musikschule-brk.de\/index.php?rest_route=\/wp\/v2\/pages"}],"about":[{"href":"https:\/\/musikschule-brk.de\/index.php?rest_route=\/wp\/v2\/types\/page"}],"author":[{"embeddable":true,"href":"https:\/\/musikschule-brk.de\/index.php?rest_route=\/wp\/v2\/users\/1"}],"replies":[{"embeddable":true,"href":"https:\/\/musikschule-brk.de\/index.php?rest_route=%2Fwp%2Fv2%2Fcomments&post=38"}],"version-history":[{"count":82,"href":"https:\/\/musikschule-brk.de\/index.php?rest_route=\/wp\/v2\/pages\/38\/revisions"}],"predecessor-version":[{"id":1386,"href":"https:\/\/musikschule-brk.de\/index.php?rest_route=\/wp\/v2\/pages\/38\/revisions\/1386"}],"wp:attachment":[{"href":"https:\/\/musikschule-brk.de\/index.php?rest_route=%2Fwp%2Fv2%2Fmedia&parent=38"}],"curies":[{"name":"wp","href":"https:\/\/api.w.org\/{rel}","templated":true}]}}